{"id":425,"date":"2024-02-01T12:10:05","date_gmt":"2024-02-01T11:10:05","guid":{"rendered":"http:\/\/www.preventys.com\/?page_id=425"},"modified":"2026-03-06T20:07:35","modified_gmt":"2026-03-06T19:07:35","slug":"preventeur-sante-securite-au-travail-et-environnement","status":"publish","type":"page","link":"http:\/\/www.preventys.com\/index.php\/preventeur-sante-securite-au-travail-et-environnement\/","title":{"rendered":"Pr\u00e9venteur Sant\u00e9-S\u00e9curit\u00e9 au travail et Environnement"},"content":{"rendered":"\n<div class=\"wp-block-columns alignwide is-layout-flex wp-container-core-columns-is-layout-28f84493 wp-block-columns-is-layout-flex\">\n<div class=\"wp-block-column is-layout-flow wp-block-column-is-layout-flow\">\n<figure class=\"wp-block-gallery has-nested-images columns-default is-cropped wp-block-gallery-1 is-layout-flex wp-block-gallery-is-layout-flex\">\n<figure class=\"wp-block-image size-large\"><img loading=\"lazy\" decoding=\"async\" width=\"723\" height=\"1024\" data-id=\"739\" src=\"http:\/\/www.preventys.com\/wp-content\/uploads\/2025\/12\/Capture-decran-2025-12-04-121309-723x1024.png\" alt=\"\" class=\"wp-image-739\" srcset=\"http:\/\/www.preventys.com\/wp-content\/uploads\/2025\/12\/Capture-decran-2025-12-04-121309-723x1024.png 723w, http:\/\/www.preventys.com\/wp-content\/uploads\/2025\/12\/Capture-decran-2025-12-04-121309-212x300.png 212w, http:\/\/www.preventys.com\/wp-content\/uploads\/2025\/12\/Capture-decran-2025-12-04-121309.png 761w\" sizes=\"auto, (max-width: 723px) 100vw, 723px\" \/><\/figure>\n<\/figure>\n<\/div>\n\n\n\n<div class=\"wp-block-column is-layout-flow wp-block-column-is-layout-flow\">\n<figure class=\"wp-block-gallery has-nested-images columns-default is-cropped wp-block-gallery-2 is-layout-flex wp-block-gallery-is-layout-flex\">\n<figure class=\"wp-block-image size-large\"><img loading=\"lazy\" decoding=\"async\" width=\"723\" height=\"1024\" data-id=\"740\" src=\"http:\/\/www.preventys.com\/wp-content\/uploads\/2025\/12\/Capture-decran-2025-12-04-121336-723x1024.png\" alt=\"\" class=\"wp-image-740\" srcset=\"http:\/\/www.preventys.com\/wp-content\/uploads\/2025\/12\/Capture-decran-2025-12-04-121336-723x1024.png 723w, http:\/\/www.preventys.com\/wp-content\/uploads\/2025\/12\/Capture-decran-2025-12-04-121336-212x300.png 212w, http:\/\/www.preventys.com\/wp-content\/uploads\/2025\/12\/Capture-decran-2025-12-04-121336.png 761w\" sizes=\"auto, (max-width: 723px) 100vw, 723px\" \/><\/figure>\n<\/figure>\n<\/div>\n<\/div>\n\n\n\n<figure class=\"wp-block-video\"><video height=\"720\" style=\"aspect-ratio: 1280 \/ 720;\" width=\"1280\" controls src=\"http:\/\/www.preventys.com\/wp-content\/uploads\/2026\/03\/Devenir_Preventeur_SSE-2.mp4\"><\/video><\/figure>\n","protected":false},"excerpt":{"rendered":"","protected":false},"author":1,"featured_media":0,"parent":0,"menu_order":0,"comment_status":"closed","ping_status":"closed","template":"","meta":{"_uag_custom_page_level_css":"","site-sidebar-layout":"default","site-content-layout":"","ast-site-content-layout":"","site-content-style":"default","site-sidebar-style":"default","ast-global-header-display":"","ast-banner-title-visibility":"","ast-main-header-display":"","ast-hfb-above-header-display":"","ast-hfb-below-header-display":"","ast-hfb-mobile-header-display":"","site-post-title":"","ast-breadcrumbs-content":"","ast-featured-img":"","footer-sml-layout":"","theme-transparent-header-meta":"","adv-header-id-meta":"","stick-header-meta":"","header-above-stick-meta":"","header-main-stick-meta":"","header-below-stick-meta":"","astra-migrate-meta-layouts":"","ast-page-background-enabled":"default","ast-page-background-meta":{"desktop":{"background-color":"var(--ast-global-color-4)","background-image":"","background-repeat":"repeat","background-position":"center center","background-size":"auto","background-attachment":"scroll","background-type":"","background-media":"","overlay-type":"","overlay-color":"","overlay-gradient":""},"tablet":{"background-color":"","background-image":"","background-repeat":"repeat","background-position":"center center","background-size":"auto","background-attachment":"scroll","background-type":"","background-media":"","overlay-type":"","overlay-color":"","overlay-gradient":""},"mobile":{"background-color":"","background-image":"","background-repeat":"repeat","background-position":"center center","background-size":"auto","background-attachment":"scroll","background-type":"","background-media":"","overlay-type":"","overlay-color":"","overlay-gradient":""}},"ast-content-background-meta":{"desktop":{"background-color":"var(--ast-global-color-5)","background-image":"","background-repeat":"repeat","background-position":"center center","background-size":"auto","background-attachment":"scroll","background-type":"","background-media":"","overlay-type":"","overlay-color":"","overlay-gradient":""},"tablet":{"background-color":"var(--ast-global-color-5)","background-image":"","background-repeat":"repeat","background-position":"center center","background-size":"auto","background-attachment":"scroll","background-type":"","background-media":"","overlay-type":"","overlay-color":"","overlay-gradient":""},"mobile":{"background-color":"var(--ast-global-color-5)","background-image":"","background-repeat":"repeat","background-position":"center center","background-size":"auto","background-attachment":"scroll","background-type":"","background-media":"","overlay-type":"","overlay-color":"","overlay-gradient":""}},"footnotes":""},"class_list":["post-425","page","type-page","status-publish","hentry"],"yoast_head":"<!-- This site is optimized with the Yoast SEO plugin v22.0 - https:\/\/yoast.com\/wordpress\/plugins\/seo\/ -->\n<title>Pr\u00e9venteur Sant\u00e9-S\u00e9curit\u00e9 au travail et Environnement - Se former pour r\u00e9ussir son \u00e9volution professionnelle<\/title>\n<meta name=\"description\" content=\"D\u00e9couvrez toutes les informations d\u00e9taill\u00e9es de notre formation Pr\u00e9venteur SSTE sur notre fiche pr\u00e9sentative.\" \/>\n<meta name=\"robots\" content=\"index, follow, max-snippet:-1, max-image-preview:large, max-video-preview:-1\" \/>\n<link rel=\"canonical\" href=\"https:\/\/www.preventys.com\/index.php\/preventeur-sante-securite-au-travail-et-environnement\/\" \/>\n<meta property=\"og:locale\" content=\"en_US\" \/>\n<meta property=\"og:type\" content=\"article\" \/>\n<meta property=\"og:title\" content=\"Pr\u00e9venteur Sant\u00e9-S\u00e9curit\u00e9 au travail et Environnement - Se former pour r\u00e9ussir son \u00e9volution professionnelle\" \/>\n<meta property=\"og:description\" content=\"D\u00e9couvrez toutes les informations d\u00e9taill\u00e9es de notre formation Pr\u00e9venteur SSTE sur notre fiche pr\u00e9sentative.\" \/>\n<meta property=\"og:url\" content=\"https:\/\/www.preventys.com\/index.php\/preventeur-sante-securite-au-travail-et-environnement\/\" \/>\n<meta property=\"og:site_name\" content=\"Se former pour r\u00e9ussir son \u00e9volution professionnelle\" \/>\n<meta property=\"article:modified_time\" content=\"2026-03-06T19:07:35+00:00\" \/>\n<meta property=\"og:image\" content=\"http:\/\/www.preventys.com\/wp-content\/uploads\/2025\/12\/Capture-decran-2025-12-04-121309-723x1024.png\" \/>\n<meta name=\"twitter:card\" content=\"summary_large_image\" \/>\n<meta name=\"twitter:label1\" content=\"Est. reading time\" \/>\n\t<meta name=\"twitter:data1\" content=\"1 minute\" \/>\n<script type=\"application\/ld+json\" class=\"yoast-schema-graph\">{\"@context\":\"https:\/\/schema.org\",\"@graph\":[{\"@type\":\"WebPage\",\"@id\":\"https:\/\/www.preventys.com\/index.php\/preventeur-sante-securite-au-travail-et-environnement\/\",\"url\":\"https:\/\/www.preventys.com\/index.php\/preventeur-sante-securite-au-travail-et-environnement\/\",\"name\":\"Pr\u00e9venteur Sant\u00e9-S\u00e9curit\u00e9 au travail et Environnement - Se former pour r\u00e9ussir son \u00e9volution professionnelle\",\"isPartOf\":{\"@id\":\"http:\/\/www.preventys.com\/#website\"},\"datePublished\":\"2024-02-01T11:10:05+00:00\",\"dateModified\":\"2026-03-06T19:07:35+00:00\",\"description\":\"D\u00e9couvrez toutes les informations d\u00e9taill\u00e9es de notre formation Pr\u00e9venteur SSTE sur notre fiche pr\u00e9sentative.\",\"breadcrumb\":{\"@id\":\"https:\/\/www.preventys.com\/index.php\/preventeur-sante-securite-au-travail-et-environnement\/#breadcrumb\"},\"inLanguage\":\"en-US\",\"potentialAction\":[{\"@type\":\"ReadAction\",\"target\":[\"https:\/\/www.preventys.com\/index.php\/preventeur-sante-securite-au-travail-et-environnement\/\"]}]},{\"@type\":\"BreadcrumbList\",\"@id\":\"https:\/\/www.preventys.com\/index.php\/preventeur-sante-securite-au-travail-et-environnement\/#breadcrumb\",\"itemListElement\":[{\"@type\":\"ListItem\",\"position\":1,\"name\":\"Accueil\",\"item\":\"http:\/\/www.preventys.com\/\"},{\"@type\":\"ListItem\",\"position\":2,\"name\":\"Pr\u00e9venteur Sant\u00e9-S\u00e9curit\u00e9 au travail et Environnement\"}]},{\"@type\":\"WebSite\",\"@id\":\"http:\/\/www.preventys.com\/#website\",\"url\":\"http:\/\/www.preventys.com\/\",\"name\":\"Se former pour r\u00e9ussir son \u00e9volution professionnelle\",\"description\":\"Donner de la couleur \u00e0 la mati\u00e8re grise\",\"publisher\":{\"@id\":\"http:\/\/www.preventys.com\/#organization\"},\"potentialAction\":[{\"@type\":\"SearchAction\",\"target\":{\"@type\":\"EntryPoint\",\"urlTemplate\":\"http:\/\/www.preventys.com\/?s={search_term_string}\"},\"query-input\":\"required name=search_term_string\"}],\"inLanguage\":\"en-US\"},{\"@type\":\"Organization\",\"@id\":\"http:\/\/www.preventys.com\/#organization\",\"name\":\"Se former pour r\u00e9ussir son \u00e9volution professionnelle\",\"url\":\"http:\/\/www.preventys.com\/\",\"logo\":{\"@type\":\"ImageObject\",\"inLanguage\":\"en-US\",\"@id\":\"http:\/\/www.preventys.com\/#\/schema\/logo\/image\/\",\"url\":\"http:\/\/www.preventys.com\/wp-content\/uploads\/2021\/05\/cropped-cropped-NEW-PREVENTYS-transp-4.png\",\"contentUrl\":\"http:\/\/www.preventys.com\/wp-content\/uploads\/2021\/05\/cropped-cropped-NEW-PREVENTYS-transp-4.png\",\"width\":1417,\"height\":605,\"caption\":\"Se former pour r\u00e9ussir son \u00e9volution professionnelle\"},\"image\":{\"@id\":\"http:\/\/www.preventys.com\/#\/schema\/logo\/image\/\"}}]}<\/script>\n<!-- \/ Yoast SEO plugin. -->","yoast_head_json":{"title":"Pr\u00e9venteur Sant\u00e9-S\u00e9curit\u00e9 au travail et Environnement - Se former pour r\u00e9ussir son \u00e9volution professionnelle","description":"D\u00e9couvrez toutes les informations d\u00e9taill\u00e9es de notre formation Pr\u00e9venteur SSTE sur notre fiche pr\u00e9sentative.","robots":{"index":"index","follow":"follow","max-snippet":"max-snippet:-1","max-image-preview":"max-image-preview:large","max-video-preview":"max-video-preview:-1"},"canonical":"https:\/\/www.preventys.com\/index.php\/preventeur-sante-securite-au-travail-et-environnement\/","og_locale":"en_US","og_type":"article","og_title":"Pr\u00e9venteur Sant\u00e9-S\u00e9curit\u00e9 au travail et Environnement - Se former pour r\u00e9ussir son \u00e9volution professionnelle","og_description":"D\u00e9couvrez toutes les informations d\u00e9taill\u00e9es de notre formation Pr\u00e9venteur SSTE sur notre fiche pr\u00e9sentative.","og_url":"https:\/\/www.preventys.com\/index.php\/preventeur-sante-securite-au-travail-et-environnement\/","og_site_name":"Se former pour r\u00e9ussir son \u00e9volution professionnelle","article_modified_time":"2026-03-06T19:07:35+00:00","og_image":[{"url":"http:\/\/www.preventys.com\/wp-content\/uploads\/2025\/12\/Capture-decran-2025-12-04-121309-723x1024.png"}],"twitter_card":"summary_large_image","twitter_misc":{"Est. reading time":"1 minute"},"schema":{"@context":"https:\/\/schema.org","@graph":[{"@type":"WebPage","@id":"https:\/\/www.preventys.com\/index.php\/preventeur-sante-securite-au-travail-et-environnement\/","url":"https:\/\/www.preventys.com\/index.php\/preventeur-sante-securite-au-travail-et-environnement\/","name":"Pr\u00e9venteur Sant\u00e9-S\u00e9curit\u00e9 au travail et Environnement - Se former pour r\u00e9ussir son \u00e9volution professionnelle","isPartOf":{"@id":"http:\/\/www.preventys.com\/#website"},"datePublished":"2024-02-01T11:10:05+00:00","dateModified":"2026-03-06T19:07:35+00:00","description":"D\u00e9couvrez toutes les informations d\u00e9taill\u00e9es de notre formation Pr\u00e9venteur SSTE sur notre fiche pr\u00e9sentative.","breadcrumb":{"@id":"https:\/\/www.preventys.com\/index.php\/preventeur-sante-securite-au-travail-et-environnement\/#breadcrumb"},"inLanguage":"en-US","potentialAction":[{"@type":"ReadAction","target":["https:\/\/www.preventys.com\/index.php\/preventeur-sante-securite-au-travail-et-environnement\/"]}]},{"@type":"BreadcrumbList","@id":"https:\/\/www.preventys.com\/index.php\/preventeur-sante-securite-au-travail-et-environnement\/#breadcrumb","itemListElement":[{"@type":"ListItem","position":1,"name":"Accueil","item":"http:\/\/www.preventys.com\/"},{"@type":"ListItem","position":2,"name":"Pr\u00e9venteur Sant\u00e9-S\u00e9curit\u00e9 au travail et Environnement"}]},{"@type":"WebSite","@id":"http:\/\/www.preventys.com\/#website","url":"http:\/\/www.preventys.com\/","name":"Se former pour r\u00e9ussir son \u00e9volution professionnelle","description":"Donner de la couleur \u00e0 la mati\u00e8re grise","publisher":{"@id":"http:\/\/www.preventys.com\/#organization"},"potentialAction":[{"@type":"SearchAction","target":{"@type":"EntryPoint","urlTemplate":"http:\/\/www.preventys.com\/?s={search_term_string}"},"query-input":"required name=search_term_string"}],"inLanguage":"en-US"},{"@type":"Organization","@id":"http:\/\/www.preventys.com\/#organization","name":"Se former pour r\u00e9ussir son \u00e9volution professionnelle","url":"http:\/\/www.preventys.com\/","logo":{"@type":"ImageObject","inLanguage":"en-US","@id":"http:\/\/www.preventys.com\/#\/schema\/logo\/image\/","url":"http:\/\/www.preventys.com\/wp-content\/uploads\/2021\/05\/cropped-cropped-NEW-PREVENTYS-transp-4.png","contentUrl":"http:\/\/www.preventys.com\/wp-content\/uploads\/2021\/05\/cropped-cropped-NEW-PREVENTYS-transp-4.png","width":1417,"height":605,"caption":"Se former pour r\u00e9ussir son \u00e9volution professionnelle"},"image":{"@id":"http:\/\/www.preventys.com\/#\/schema\/logo\/image\/"}}]}},"uagb_featured_image_src":{"full":false,"thumbnail":false,"medium":false,"medium_large":false,"large":false,"1536x1536":false,"2048x2048":false},"uagb_author_info":{"display_name":"admin2999","author_link":"http:\/\/www.preventys.com\/index.php\/author\/admin2999\/"},"uagb_comment_info":0,"uagb_excerpt":null,"_links":{"self":[{"href":"http:\/\/www.preventys.com\/index.php\/wp-json\/wp\/v2\/pages\/425","targetHints":{"allow":["GET"]}}],"collection":[{"href":"http:\/\/www.preventys.com\/index.php\/wp-json\/wp\/v2\/pages"}],"about":[{"href":"http:\/\/www.preventys.com\/index.php\/wp-json\/wp\/v2\/types\/page"}],"author":[{"embeddable":true,"href":"http:\/\/www.preventys.com\/index.php\/wp-json\/wp\/v2\/users\/1"}],"replies":[{"embeddable":true,"href":"http:\/\/www.preventys.com\/index.php\/wp-json\/wp\/v2\/comments?post=425"}],"version-history":[{"count":9,"href":"http:\/\/www.preventys.com\/index.php\/wp-json\/wp\/v2\/pages\/425\/revisions"}],"predecessor-version":[{"id":831,"href":"http:\/\/www.preventys.com\/index.php\/wp-json\/wp\/v2\/pages\/425\/revisions\/831"}],"wp:attachment":[{"href":"http:\/\/www.preventys.com\/index.php\/wp-json\/wp\/v2\/media?parent=425"}],"curies":[{"name":"wp","href":"https:\/\/api.w.org\/{rel}","templated":true}]}}