{"id":435,"date":"2024-02-01T12:22:51","date_gmt":"2024-02-01T11:22:51","guid":{"rendered":"http:\/\/www.preventys.com\/?page_id=435"},"modified":"2026-03-06T21:17:34","modified_gmt":"2026-03-06T20:17:34","slug":"charge-des-rh-et-pilotage-de-la-performance-sociale-rse-qvct","status":"publish","type":"page","link":"http:\/\/www.preventys.com\/index.php\/charge-des-rh-et-pilotage-de-la-performance-sociale-rse-qvct\/","title":{"rendered":"<font dir=\"auto\" style=\"vertical-align: inherit;\"><font dir=\"auto\" style=\"vertical-align: inherit;\"><font dir=\"auto\" style=\"vertical-align: inherit;\"><font dir=\"auto\" style=\"vertical-align: inherit;\"><font dir=\"auto\" style=\"vertical-align: inherit;\"><font dir=\"auto\" style=\"vertical-align: inherit;\"><font dir=\"auto\" style=\"vertical-align: inherit;\"><font dir=\"auto\" style=\"vertical-align: inherit;\"><font dir=\"auto\" style=\"vertical-align: inherit;\"><font dir=\"auto\" style=\"vertical-align: inherit;\">Charg\u00e9 d<\/font><\/font><\/font><\/font><\/font><\/font><\/font><\/font><\/font><\/font><font dir=\"auto\" style=\"vertical-align: inherit;\"><font dir=\"auto\" style=\"vertical-align: inherit;\"><font dir=\"auto\" style=\"vertical-align: inherit;\"><font dir=\"auto\" style=\"vertical-align: inherit;\"><font dir=\"auto\" style=\"vertical-align: inherit;\"><font dir=\"auto\" style=\"vertical-align: inherit;\"><font dir=\"auto\" style=\"vertical-align: inherit;\"><font dir=\"auto\" style=\"vertical-align: inherit;\">es RH et pilotage de la performance sociale (rse\/qvct)<\/font><\/font><\/font><\/font><\/font><\/font><\/font><\/font>"},"content":{"rendered":"\n<div class=\"wp-block-columns alignwide is-layout-flex wp-container-core-columns-is-layout-28f84493 wp-block-columns-is-layout-flex\">\n<div class=\"wp-block-column is-layout-flow wp-block-column-is-layout-flow\">\n<figure class=\"wp-block-gallery has-nested-images columns-default is-cropped wp-block-gallery-1 is-layout-flex wp-block-gallery-is-layout-flex\">\n<figure class=\"wp-block-image size-large\"><img loading=\"lazy\" decoding=\"async\" width=\"724\" height=\"1024\" data-id=\"749\" src=\"http:\/\/www.preventys.com\/wp-content\/uploads\/2026\/02\/Capture-decran-2026-02-03-111355-724x1024.png\" alt=\"\" class=\"wp-image-749\" srcset=\"http:\/\/www.preventys.com\/wp-content\/uploads\/2026\/02\/Capture-decran-2026-02-03-111355-724x1024.png 724w, http:\/\/www.preventys.com\/wp-content\/uploads\/2026\/02\/Capture-decran-2026-02-03-111355-212x300.png 212w, http:\/\/www.preventys.com\/wp-content\/uploads\/2026\/02\/Capture-decran-2026-02-03-111355.png 762w\" sizes=\"auto, (max-width: 724px) 100vw, 724px\" \/><\/figure>\n<\/figure>\n<\/div>\n\n\n\n<div class=\"wp-block-column is-layout-flow wp-block-column-is-layout-flow\">\n<figure class=\"wp-block-gallery has-nested-images columns-default is-cropped wp-block-gallery-2 is-layout-flex wp-block-gallery-is-layout-flex\">\n<figure class=\"wp-block-image size-large\"><img loading=\"lazy\" decoding=\"async\" width=\"723\" height=\"1024\" data-id=\"814\" src=\"http:\/\/www.preventys.com\/wp-content\/uploads\/2026\/02\/Capture-decran-2026-02-04-154816-723x1024.png\" alt=\"\" class=\"wp-image-814\" srcset=\"http:\/\/www.preventys.com\/wp-content\/uploads\/2026\/02\/Capture-decran-2026-02-04-154816-723x1024.png 723w, http:\/\/www.preventys.com\/wp-content\/uploads\/2026\/02\/Capture-decran-2026-02-04-154816-212x300.png 212w, http:\/\/www.preventys.com\/wp-content\/uploads\/2026\/02\/Capture-decran-2026-02-04-154816.png 762w\" sizes=\"auto, (max-width: 723px) 100vw, 723px\" \/><\/figure>\n<\/figure>\n<\/div>\n<\/div>\n\n\n\n<figure class=\"wp-block-video\"><video height=\"720\" style=\"aspect-ratio: 1280 \/ 720;\" width=\"1280\" controls src=\"http:\/\/www.preventys.com\/wp-content\/uploads\/2026\/03\/Devenir_Charge_des_RH.mp4\"><\/video><\/figure>\n","protected":false},"excerpt":{"rendered":"","protected":false},"author":1,"featured_media":0,"parent":0,"menu_order":0,"comment_status":"closed","ping_status":"closed","template":"","meta":{"_uag_custom_page_level_css":"","site-sidebar-layout":"default","site-content-layout":"","ast-site-content-layout":"","site-content-style":"default","site-sidebar-style":"default","ast-global-header-display":"","ast-banner-title-visibility":"","ast-main-header-display":"","ast-hfb-above-header-display":"","ast-hfb-below-header-display":"","ast-hfb-mobile-header-display":"","site-post-title":"","ast-breadcrumbs-content":"","ast-featured-img":"","footer-sml-layout":"","theme-transparent-header-meta":"","adv-header-id-meta":"","stick-header-meta":"","header-above-stick-meta":"","header-main-stick-meta":"","header-below-stick-meta":"","astra-migrate-meta-layouts":"","ast-page-background-enabled":"default","ast-page-background-meta":{"desktop":{"background-color":"var(--ast-global-color-4)","background-image":"","background-repeat":"repeat","background-position":"center center","background-size":"auto","background-attachment":"scroll","background-type":"","background-media":"","overlay-type":"","overlay-color":"","overlay-gradient":""},"tablet":{"background-color":"","background-image":"","background-repeat":"repeat","background-position":"center center","background-size":"auto","background-attachment":"scroll","background-type":"","background-media":"","overlay-type":"","overlay-color":"","overlay-gradient":""},"mobile":{"background-color":"","background-image":"","background-repeat":"repeat","background-position":"center center","background-size":"auto","background-attachment":"scroll","background-type":"","background-media":"","overlay-type":"","overlay-color":"","overlay-gradient":""}},"ast-content-background-meta":{"desktop":{"background-color":"var(--ast-global-color-5)","background-image":"","background-repeat":"repeat","background-position":"center center","background-size":"auto","background-attachment":"scroll","background-type":"","background-media":"","overlay-type":"","overlay-color":"","overlay-gradient":""},"tablet":{"background-color":"var(--ast-global-color-5)","background-image":"","background-repeat":"repeat","background-position":"center center","background-size":"auto","background-attachment":"scroll","background-type":"","background-media":"","overlay-type":"","overlay-color":"","overlay-gradient":""},"mobile":{"background-color":"var(--ast-global-color-5)","background-image":"","background-repeat":"repeat","background-position":"center center","background-size":"auto","background-attachment":"scroll","background-type":"","background-media":"","overlay-type":"","overlay-color":"","overlay-gradient":""}},"footnotes":""},"class_list":["post-435","page","type-page","status-publish","hentry"],"yoast_head":"<!-- This site is optimized with the Yoast SEO plugin v22.0 - https:\/\/yoast.com\/wordpress\/plugins\/seo\/ -->\n<title>Charg\u00e9 des RH et pilotage de la performance sociale (rse\/qvct) - Se former pour r\u00e9ussir son \u00e9volution professionnelle<\/title>\n<meta name=\"description\" content=\"Formez vous en charg\u00e9 de ressources humaines sp\u00e9cialis\u00e9 dans le pilotage de la performance sociale ! Formation certifiante de 6 mois.\" \/>\n<meta name=\"robots\" content=\"index, follow, max-snippet:-1, max-image-preview:large, max-video-preview:-1\" \/>\n<link rel=\"canonical\" href=\"http:\/\/www.preventys.com\/index.php\/charge-des-rh-et-pilotage-de-la-performance-sociale-rse-qvct\/\" \/>\n<meta property=\"og:locale\" content=\"en_US\" \/>\n<meta property=\"og:type\" content=\"article\" \/>\n<meta property=\"og:title\" content=\"Charg\u00e9 des RH et pilotage de la performance sociale (rse\/qvct) - Se former pour r\u00e9ussir son \u00e9volution professionnelle\" \/>\n<meta property=\"og:description\" content=\"Formez vous en charg\u00e9 de ressources humaines sp\u00e9cialis\u00e9 dans le pilotage de la performance sociale ! Formation certifiante de 6 mois.\" \/>\n<meta property=\"og:url\" content=\"http:\/\/www.preventys.com\/index.php\/charge-des-rh-et-pilotage-de-la-performance-sociale-rse-qvct\/\" \/>\n<meta property=\"og:site_name\" content=\"Se former pour r\u00e9ussir son \u00e9volution professionnelle\" \/>\n<meta property=\"article:modified_time\" content=\"2026-03-06T20:17:34+00:00\" \/>\n<meta property=\"og:image\" content=\"http:\/\/www.preventys.com\/wp-content\/uploads\/2026\/02\/Capture-decran-2026-02-03-111355-724x1024.png\" \/>\n<meta name=\"twitter:card\" content=\"summary_large_image\" \/>\n<meta name=\"twitter:label1\" content=\"Est. reading time\" \/>\n\t<meta name=\"twitter:data1\" content=\"1 minute\" \/>\n<script type=\"application\/ld+json\" class=\"yoast-schema-graph\">{\"@context\":\"https:\/\/schema.org\",\"@graph\":[{\"@type\":\"WebPage\",\"@id\":\"http:\/\/www.preventys.com\/index.php\/charge-des-rh-et-pilotage-de-la-performance-sociale-rse-qvct\/\",\"url\":\"http:\/\/www.preventys.com\/index.php\/charge-des-rh-et-pilotage-de-la-performance-sociale-rse-qvct\/\",\"name\":\"Charg\u00e9 des RH et pilotage de la performance sociale (rse\/qvct) - Se former pour r\u00e9ussir son \u00e9volution professionnelle\",\"isPartOf\":{\"@id\":\"http:\/\/www.preventys.com\/#website\"},\"datePublished\":\"2024-02-01T11:22:51+00:00\",\"dateModified\":\"2026-03-06T20:17:34+00:00\",\"description\":\"Formez vous en charg\u00e9 de ressources humaines sp\u00e9cialis\u00e9 dans le pilotage de la performance sociale ! Formation certifiante de 6 mois.\",\"breadcrumb\":{\"@id\":\"http:\/\/www.preventys.com\/index.php\/charge-des-rh-et-pilotage-de-la-performance-sociale-rse-qvct\/#breadcrumb\"},\"inLanguage\":\"en-US\",\"potentialAction\":[{\"@type\":\"ReadAction\",\"target\":[\"http:\/\/www.preventys.com\/index.php\/charge-des-rh-et-pilotage-de-la-performance-sociale-rse-qvct\/\"]}]},{\"@type\":\"BreadcrumbList\",\"@id\":\"http:\/\/www.preventys.com\/index.php\/charge-des-rh-et-pilotage-de-la-performance-sociale-rse-qvct\/#breadcrumb\",\"itemListElement\":[{\"@type\":\"ListItem\",\"position\":1,\"name\":\"Accueil\",\"item\":\"http:\/\/www.preventys.com\/\"},{\"@type\":\"ListItem\",\"position\":2,\"name\":\"Charg\u00e9 des RH et pilotage de la performance sociale (rse\/qvct)\"}]},{\"@type\":\"WebSite\",\"@id\":\"http:\/\/www.preventys.com\/#website\",\"url\":\"http:\/\/www.preventys.com\/\",\"name\":\"Se former pour r\u00e9ussir son \u00e9volution professionnelle\",\"description\":\"Donner de la couleur \u00e0 la mati\u00e8re grise\",\"publisher\":{\"@id\":\"http:\/\/www.preventys.com\/#organization\"},\"potentialAction\":[{\"@type\":\"SearchAction\",\"target\":{\"@type\":\"EntryPoint\",\"urlTemplate\":\"http:\/\/www.preventys.com\/?s={search_term_string}\"},\"query-input\":\"required name=search_term_string\"}],\"inLanguage\":\"en-US\"},{\"@type\":\"Organization\",\"@id\":\"http:\/\/www.preventys.com\/#organization\",\"name\":\"Se former pour r\u00e9ussir son \u00e9volution professionnelle\",\"url\":\"http:\/\/www.preventys.com\/\",\"logo\":{\"@type\":\"ImageObject\",\"inLanguage\":\"en-US\",\"@id\":\"http:\/\/www.preventys.com\/#\/schema\/logo\/image\/\",\"url\":\"http:\/\/www.preventys.com\/wp-content\/uploads\/2021\/05\/cropped-cropped-NEW-PREVENTYS-transp-4.png\",\"contentUrl\":\"http:\/\/www.preventys.com\/wp-content\/uploads\/2021\/05\/cropped-cropped-NEW-PREVENTYS-transp-4.png\",\"width\":1417,\"height\":605,\"caption\":\"Se former pour r\u00e9ussir son \u00e9volution professionnelle\"},\"image\":{\"@id\":\"http:\/\/www.preventys.com\/#\/schema\/logo\/image\/\"}}]}<\/script>\n<!-- \/ Yoast SEO plugin. -->","yoast_head_json":{"title":"Charg\u00e9 des RH et pilotage de la performance sociale (rse\/qvct) - Se former pour r\u00e9ussir son \u00e9volution professionnelle","description":"Formez vous en charg\u00e9 de ressources humaines sp\u00e9cialis\u00e9 dans le pilotage de la performance sociale ! Formation certifiante de 6 mois.","robots":{"index":"index","follow":"follow","max-snippet":"max-snippet:-1","max-image-preview":"max-image-preview:large","max-video-preview":"max-video-preview:-1"},"canonical":"http:\/\/www.preventys.com\/index.php\/charge-des-rh-et-pilotage-de-la-performance-sociale-rse-qvct\/","og_locale":"en_US","og_type":"article","og_title":"Charg\u00e9 des RH et pilotage de la performance sociale (rse\/qvct) - Se former pour r\u00e9ussir son \u00e9volution professionnelle","og_description":"Formez vous en charg\u00e9 de ressources humaines sp\u00e9cialis\u00e9 dans le pilotage de la performance sociale ! Formation certifiante de 6 mois.","og_url":"http:\/\/www.preventys.com\/index.php\/charge-des-rh-et-pilotage-de-la-performance-sociale-rse-qvct\/","og_site_name":"Se former pour r\u00e9ussir son \u00e9volution professionnelle","article_modified_time":"2026-03-06T20:17:34+00:00","og_image":[{"url":"http:\/\/www.preventys.com\/wp-content\/uploads\/2026\/02\/Capture-decran-2026-02-03-111355-724x1024.png"}],"twitter_card":"summary_large_image","twitter_misc":{"Est. reading time":"1 minute"},"schema":{"@context":"https:\/\/schema.org","@graph":[{"@type":"WebPage","@id":"http:\/\/www.preventys.com\/index.php\/charge-des-rh-et-pilotage-de-la-performance-sociale-rse-qvct\/","url":"http:\/\/www.preventys.com\/index.php\/charge-des-rh-et-pilotage-de-la-performance-sociale-rse-qvct\/","name":"Charg\u00e9 des RH et pilotage de la performance sociale (rse\/qvct) - Se former pour r\u00e9ussir son \u00e9volution professionnelle","isPartOf":{"@id":"http:\/\/www.preventys.com\/#website"},"datePublished":"2024-02-01T11:22:51+00:00","dateModified":"2026-03-06T20:17:34+00:00","description":"Formez vous en charg\u00e9 de ressources humaines sp\u00e9cialis\u00e9 dans le pilotage de la performance sociale ! Formation certifiante de 6 mois.","breadcrumb":{"@id":"http:\/\/www.preventys.com\/index.php\/charge-des-rh-et-pilotage-de-la-performance-sociale-rse-qvct\/#breadcrumb"},"inLanguage":"en-US","potentialAction":[{"@type":"ReadAction","target":["http:\/\/www.preventys.com\/index.php\/charge-des-rh-et-pilotage-de-la-performance-sociale-rse-qvct\/"]}]},{"@type":"BreadcrumbList","@id":"http:\/\/www.preventys.com\/index.php\/charge-des-rh-et-pilotage-de-la-performance-sociale-rse-qvct\/#breadcrumb","itemListElement":[{"@type":"ListItem","position":1,"name":"Accueil","item":"http:\/\/www.preventys.com\/"},{"@type":"ListItem","position":2,"name":"Charg\u00e9 des RH et pilotage de la performance sociale (rse\/qvct)"}]},{"@type":"WebSite","@id":"http:\/\/www.preventys.com\/#website","url":"http:\/\/www.preventys.com\/","name":"Se former pour r\u00e9ussir son \u00e9volution professionnelle","description":"Donner de la couleur \u00e0 la mati\u00e8re grise","publisher":{"@id":"http:\/\/www.preventys.com\/#organization"},"potentialAction":[{"@type":"SearchAction","target":{"@type":"EntryPoint","urlTemplate":"http:\/\/www.preventys.com\/?s={search_term_string}"},"query-input":"required name=search_term_string"}],"inLanguage":"en-US"},{"@type":"Organization","@id":"http:\/\/www.preventys.com\/#organization","name":"Se former pour r\u00e9ussir son \u00e9volution professionnelle","url":"http:\/\/www.preventys.com\/","logo":{"@type":"ImageObject","inLanguage":"en-US","@id":"http:\/\/www.preventys.com\/#\/schema\/logo\/image\/","url":"http:\/\/www.preventys.com\/wp-content\/uploads\/2021\/05\/cropped-cropped-NEW-PREVENTYS-transp-4.png","contentUrl":"http:\/\/www.preventys.com\/wp-content\/uploads\/2021\/05\/cropped-cropped-NEW-PREVENTYS-transp-4.png","width":1417,"height":605,"caption":"Se former pour r\u00e9ussir son \u00e9volution professionnelle"},"image":{"@id":"http:\/\/www.preventys.com\/#\/schema\/logo\/image\/"}}]}},"uagb_featured_image_src":{"full":false,"thumbnail":false,"medium":false,"medium_large":false,"large":false,"1536x1536":false,"2048x2048":false},"uagb_author_info":{"display_name":"admin2999","author_link":"http:\/\/www.preventys.com\/index.php\/author\/admin2999\/"},"uagb_comment_info":0,"uagb_excerpt":null,"_links":{"self":[{"href":"http:\/\/www.preventys.com\/index.php\/wp-json\/wp\/v2\/pages\/435","targetHints":{"allow":["GET"]}}],"collection":[{"href":"http:\/\/www.preventys.com\/index.php\/wp-json\/wp\/v2\/pages"}],"about":[{"href":"http:\/\/www.preventys.com\/index.php\/wp-json\/wp\/v2\/types\/page"}],"author":[{"embeddable":true,"href":"http:\/\/www.preventys.com\/index.php\/wp-json\/wp\/v2\/users\/1"}],"replies":[{"embeddable":true,"href":"http:\/\/www.preventys.com\/index.php\/wp-json\/wp\/v2\/comments?post=435"}],"version-history":[{"count":11,"href":"http:\/\/www.preventys.com\/index.php\/wp-json\/wp\/v2\/pages\/435\/revisions"}],"predecessor-version":[{"id":850,"href":"http:\/\/www.preventys.com\/index.php\/wp-json\/wp\/v2\/pages\/435\/revisions\/850"}],"wp:attachment":[{"href":"http:\/\/www.preventys.com\/index.php\/wp-json\/wp\/v2\/media?parent=435"}],"curies":[{"name":"wp","href":"https:\/\/api.w.org\/{rel}","templated":true}]}}