{"id":475,"date":"2024-02-14T12:34:27","date_gmt":"2024-02-14T11:34:27","guid":{"rendered":"http:\/\/www.preventys.com\/?page_id=475"},"modified":"2024-02-14T12:34:27","modified_gmt":"2024-02-14T11:34:27","slug":"cpf","status":"publish","type":"page","link":"http:\/\/www.preventys.com\/index.php\/cpf\/","title":{"rendered":"CPF"},"content":{"rendered":"","protected":false},"excerpt":{"rendered":"","protected":false},"author":1,"featured_media":0,"parent":0,"menu_order":0,"comment_status":"closed","ping_status":"closed","template":"","meta":{"_uag_custom_page_level_css":"","site-sidebar-layout":"default","site-content-layout":"","ast-site-content-layout":"","site-content-style":"default","site-sidebar-style":"default","ast-global-header-display":"","ast-banner-title-visibility":"","ast-main-header-display":"","ast-hfb-above-header-display":"","ast-hfb-below-header-display":"","ast-hfb-mobile-header-display":"","site-post-title":"","ast-breadcrumbs-content":"","ast-featured-img":"","footer-sml-layout":"","theme-transparent-header-meta":"","adv-header-id-meta":"","stick-header-meta":"","header-above-stick-meta":"","header-main-stick-meta":"","header-below-stick-meta":"","astra-migrate-meta-layouts":"","ast-page-background-enabled":"default","ast-page-background-meta":{"desktop":{"background-color":"var(--ast-global-color-4)","background-image":"","background-repeat":"repeat","background-position":"center center","background-size":"auto","background-attachment":"scroll","background-type":"","background-media":"","overlay-type":"","overlay-color":"","overlay-gradient":""},"tablet":{"background-color":"","background-image":"","background-repeat":"repeat","background-position":"center center","background-size":"auto","background-attachment":"scroll","background-type":"","background-media":"","overlay-type":"","overlay-color":"","overlay-gradient":""},"mobile":{"background-color":"","background-image":"","background-repeat":"repeat","background-position":"center center","background-size":"auto","background-attachment":"scroll","background-type":"","background-media":"","overlay-type":"","overlay-color":"","overlay-gradient":""}},"ast-content-background-meta":{"desktop":{"background-color":"var(--ast-global-color-5)","background-image":"","background-repeat":"repeat","background-position":"center center","background-size":"auto","background-attachment":"scroll","background-type":"","background-media":"","overlay-type":"","overlay-color":"","overlay-gradient":""},"tablet":{"background-color":"var(--ast-global-color-5)","background-image":"","background-repeat":"repeat","background-position":"center center","background-size":"auto","background-attachment":"scroll","background-type":"","background-media":"","overlay-type":"","overlay-color":"","overlay-gradient":""},"mobile":{"background-color":"var(--ast-global-color-5)","background-image":"","background-repeat":"repeat","background-position":"center center","background-size":"auto","background-attachment":"scroll","background-type":"","background-media":"","overlay-type":"","overlay-color":"","overlay-gradient":""}},"footnotes":""},"class_list":["post-475","page","type-page","status-publish","hentry"],"yoast_head":"<!-- This site is optimized with the Yoast SEO plugin v22.0 - https:\/\/yoast.com\/wordpress\/plugins\/seo\/ -->\n<title>CPF - Se former pour r\u00e9ussir son \u00e9volution professionnelle<\/title>\n<meta name=\"robots\" content=\"index, follow, max-snippet:-1, max-image-preview:large, max-video-preview:-1\" \/>\n<link rel=\"canonical\" href=\"https:\/\/www.preventys.com\/index.php\/cpf\/\" \/>\n<meta property=\"og:locale\" content=\"en_US\" \/>\n<meta property=\"og:type\" content=\"article\" \/>\n<meta property=\"og:title\" content=\"CPF - Se former pour r\u00e9ussir son \u00e9volution professionnelle\" \/>\n<meta property=\"og:url\" content=\"https:\/\/www.preventys.com\/index.php\/cpf\/\" \/>\n<meta property=\"og:site_name\" content=\"Se former pour r\u00e9ussir son \u00e9volution professionnelle\" \/>\n<meta name=\"twitter:card\" content=\"summary_large_image\" \/>\n<script type=\"application\/ld+json\" class=\"yoast-schema-graph\">{\"@context\":\"https:\/\/schema.org\",\"@graph\":[{\"@type\":\"WebPage\",\"@id\":\"https:\/\/www.preventys.com\/index.php\/cpf\/\",\"url\":\"https:\/\/www.preventys.com\/index.php\/cpf\/\",\"name\":\"CPF - Se former pour r\u00e9ussir son \u00e9volution professionnelle\",\"isPartOf\":{\"@id\":\"http:\/\/www.preventys.com\/#website\"},\"datePublished\":\"2024-02-14T11:34:27+00:00\",\"dateModified\":\"2024-02-14T11:34:27+00:00\",\"breadcrumb\":{\"@id\":\"https:\/\/www.preventys.com\/index.php\/cpf\/#breadcrumb\"},\"inLanguage\":\"en-US\",\"potentialAction\":[{\"@type\":\"ReadAction\",\"target\":[\"https:\/\/www.preventys.com\/index.php\/cpf\/\"]}]},{\"@type\":\"BreadcrumbList\",\"@id\":\"https:\/\/www.preventys.com\/index.php\/cpf\/#breadcrumb\",\"itemListElement\":[{\"@type\":\"ListItem\",\"position\":1,\"name\":\"Accueil\",\"item\":\"http:\/\/www.preventys.com\/\"},{\"@type\":\"ListItem\",\"position\":2,\"name\":\"CPF\"}]},{\"@type\":\"WebSite\",\"@id\":\"http:\/\/www.preventys.com\/#website\",\"url\":\"http:\/\/www.preventys.com\/\",\"name\":\"Se former pour r\u00e9ussir son \u00e9volution professionnelle\",\"description\":\"Donner de la couleur \u00e0 la mati\u00e8re grise\",\"publisher\":{\"@id\":\"http:\/\/www.preventys.com\/#organization\"},\"potentialAction\":[{\"@type\":\"SearchAction\",\"target\":{\"@type\":\"EntryPoint\",\"urlTemplate\":\"http:\/\/www.preventys.com\/?s={search_term_string}\"},\"query-input\":\"required name=search_term_string\"}],\"inLanguage\":\"en-US\"},{\"@type\":\"Organization\",\"@id\":\"http:\/\/www.preventys.com\/#organization\",\"name\":\"Se former pour r\u00e9ussir son \u00e9volution professionnelle\",\"url\":\"http:\/\/www.preventys.com\/\",\"logo\":{\"@type\":\"ImageObject\",\"inLanguage\":\"en-US\",\"@id\":\"http:\/\/www.preventys.com\/#\/schema\/logo\/image\/\",\"url\":\"http:\/\/www.preventys.com\/wp-content\/uploads\/2021\/05\/cropped-cropped-NEW-PREVENTYS-transp-4.png\",\"contentUrl\":\"http:\/\/www.preventys.com\/wp-content\/uploads\/2021\/05\/cropped-cropped-NEW-PREVENTYS-transp-4.png\",\"width\":1417,\"height\":605,\"caption\":\"Se former pour r\u00e9ussir son \u00e9volution professionnelle\"},\"image\":{\"@id\":\"http:\/\/www.preventys.com\/#\/schema\/logo\/image\/\"}}]}<\/script>\n<!-- \/ Yoast SEO plugin. -->","yoast_head_json":{"title":"CPF - Se former pour r\u00e9ussir son \u00e9volution professionnelle","robots":{"index":"index","follow":"follow","max-snippet":"max-snippet:-1","max-image-preview":"max-image-preview:large","max-video-preview":"max-video-preview:-1"},"canonical":"https:\/\/www.preventys.com\/index.php\/cpf\/","og_locale":"en_US","og_type":"article","og_title":"CPF - Se former pour r\u00e9ussir son \u00e9volution professionnelle","og_url":"https:\/\/www.preventys.com\/index.php\/cpf\/","og_site_name":"Se former pour r\u00e9ussir son \u00e9volution professionnelle","twitter_card":"summary_large_image","schema":{"@context":"https:\/\/schema.org","@graph":[{"@type":"WebPage","@id":"https:\/\/www.preventys.com\/index.php\/cpf\/","url":"https:\/\/www.preventys.com\/index.php\/cpf\/","name":"CPF - Se former pour r\u00e9ussir son \u00e9volution professionnelle","isPartOf":{"@id":"http:\/\/www.preventys.com\/#website"},"datePublished":"2024-02-14T11:34:27+00:00","dateModified":"2024-02-14T11:34:27+00:00","breadcrumb":{"@id":"https:\/\/www.preventys.com\/index.php\/cpf\/#breadcrumb"},"inLanguage":"en-US","potentialAction":[{"@type":"ReadAction","target":["https:\/\/www.preventys.com\/index.php\/cpf\/"]}]},{"@type":"BreadcrumbList","@id":"https:\/\/www.preventys.com\/index.php\/cpf\/#breadcrumb","itemListElement":[{"@type":"ListItem","position":1,"name":"Accueil","item":"http:\/\/www.preventys.com\/"},{"@type":"ListItem","position":2,"name":"CPF"}]},{"@type":"WebSite","@id":"http:\/\/www.preventys.com\/#website","url":"http:\/\/www.preventys.com\/","name":"Se former pour r\u00e9ussir son \u00e9volution professionnelle","description":"Donner de la couleur \u00e0 la mati\u00e8re grise","publisher":{"@id":"http:\/\/www.preventys.com\/#organization"},"potentialAction":[{"@type":"SearchAction","target":{"@type":"EntryPoint","urlTemplate":"http:\/\/www.preventys.com\/?s={search_term_string}"},"query-input":"required name=search_term_string"}],"inLanguage":"en-US"},{"@type":"Organization","@id":"http:\/\/www.preventys.com\/#organization","name":"Se former pour r\u00e9ussir son \u00e9volution professionnelle","url":"http:\/\/www.preventys.com\/","logo":{"@type":"ImageObject","inLanguage":"en-US","@id":"http:\/\/www.preventys.com\/#\/schema\/logo\/image\/","url":"http:\/\/www.preventys.com\/wp-content\/uploads\/2021\/05\/cropped-cropped-NEW-PREVENTYS-transp-4.png","contentUrl":"http:\/\/www.preventys.com\/wp-content\/uploads\/2021\/05\/cropped-cropped-NEW-PREVENTYS-transp-4.png","width":1417,"height":605,"caption":"Se former pour r\u00e9ussir son \u00e9volution professionnelle"},"image":{"@id":"http:\/\/www.preventys.com\/#\/schema\/logo\/image\/"}}]}},"uagb_featured_image_src":{"full":false,"thumbnail":false,"medium":false,"medium_large":false,"large":false,"1536x1536":false,"2048x2048":false},"uagb_author_info":{"display_name":"admin2999","author_link":"http:\/\/www.preventys.com\/index.php\/author\/admin2999\/"},"uagb_comment_info":0,"uagb_excerpt":null,"_links":{"self":[{"href":"http:\/\/www.preventys.com\/index.php\/wp-json\/wp\/v2\/pages\/475","targetHints":{"allow":["GET"]}}],"collection":[{"href":"http:\/\/www.preventys.com\/index.php\/wp-json\/wp\/v2\/pages"}],"about":[{"href":"http:\/\/www.preventys.com\/index.php\/wp-json\/wp\/v2\/types\/page"}],"author":[{"embeddable":true,"href":"http:\/\/www.preventys.com\/index.php\/wp-json\/wp\/v2\/users\/1"}],"replies":[{"embeddable":true,"href":"http:\/\/www.preventys.com\/index.php\/wp-json\/wp\/v2\/comments?post=475"}],"version-history":[{"count":2,"href":"http:\/\/www.preventys.com\/index.php\/wp-json\/wp\/v2\/pages\/475\/revisions"}],"predecessor-version":[{"id":488,"href":"http:\/\/www.preventys.com\/index.php\/wp-json\/wp\/v2\/pages\/475\/revisions\/488"}],"wp:attachment":[{"href":"http:\/\/www.preventys.com\/index.php\/wp-json\/wp\/v2\/media?parent=475"}],"curies":[{"name":"wp","href":"https:\/\/api.w.org\/{rel}","templated":true}]}}